{"id":101,"date":"2024-10-20T13:26:20","date_gmt":"2024-10-20T13:26:20","guid":{"rendered":"https:\/\/www.receitaspet.com.br\/petshop\/?page_id=101"},"modified":"2024-10-20T13:33:43","modified_gmt":"2024-10-20T13:33:43","slug":"contato","status":"publish","type":"page","link":"https:\/\/www.receitaspet.com.br\/petshop\/contato\/","title":{"rendered":"Contato"},"content":{"rendered":"<p><strong>Fale Conosco<\/strong><\/p>\n<h2><span style=\"font-size: 14pt;\">N\u00f3s da <a href=\"https:\/\/www.receitaspet.com.br\/petshop\/\"><strong>Receitas Pet Shop<\/strong><\/a> estamos sempre prontos para ouvir voc\u00ea! <\/span><\/h2>\n<p>Se voc\u00ea tem d\u00favidas, sugest\u00f5es, ou precisa de ajuda com algum de nossos produtos digitais, nossa equipe est\u00e1 dispon\u00edvel para oferecer todo o suporte necess\u00e1rio.<\/p>\n<h3>Como Entrar em Contato<\/h3>\n<p>Voc\u00ea pode entrar em contato conosco por meio das seguintes formas:<\/p>\n<p><strong>1. E-mail:<\/strong><br \/>\nPara qualquer d\u00favida ou solicita\u00e7\u00e3o, envie um e-mail para:<br \/>\n<a href=\"mailto:contato@receitaspet.com.br\" target=\"_blank\" rel=\"noopener\"><b>contato@receitaspet.com.br<\/b><\/a><br \/>\nResponderemos o mais breve poss\u00edvel, geralmente dentro de <strong>1 a 2 dias \u00fateis<\/strong>.<\/p>\n<p><strong>2. Formul\u00e1rio de Contato:<\/strong><br \/>\nPreencha o formul\u00e1rio abaixo com sua mensagem e nossos especialistas entrar\u00e3o em contato com voc\u00ea.<\/p>\n<p>N\u00e3o se esque\u00e7a de informar o n\u00famero do seu pedido, caso j\u00e1 tenha realizado uma compra, para agilizar o atendimento.<\/p>\n\n<div class=\"wpcf7 no-js\" id=\"wpcf7-f102-o1\" lang=\"pt-BR\" dir=\"ltr\" data-wpcf7-id=\"102\">\n<div class=\"screen-reader-response\"><p role=\"status\" aria-live=\"polite\" aria-atomic=\"true\"><\/p> <ul><\/ul><\/div>\n<form action=\"\/petshop\/wp-json\/wp\/v2\/pages\/101#wpcf7-f102-o1\" method=\"post\" class=\"wpcf7-form init\" aria-label=\"Formul\u00e1rios de contato\" novalidate=\"novalidate\" data-status=\"init\">\n<fieldset class=\"hidden-fields-container\"><input type=\"hidden\" name=\"_wpcf7\" value=\"102\" \/><input type=\"hidden\" name=\"_wpcf7_version\" value=\"6.1.5\" \/><input type=\"hidden\" name=\"_wpcf7_locale\" value=\"pt_BR\" \/><input type=\"hidden\" name=\"_wpcf7_unit_tag\" value=\"wpcf7-f102-o1\" \/><input type=\"hidden\" name=\"_wpcf7_container_post\" value=\"0\" \/><input type=\"hidden\" name=\"_wpcf7_posted_data_hash\" value=\"\" \/>\n<\/fieldset>\n<p><label> Seu nome<br \/>\n<span class=\"wpcf7-form-control-wrap\" data-name=\"your-name\"><input size=\"40\" maxlength=\"400\" class=\"wpcf7-form-control wpcf7-text wpcf7-validates-as-required\" autocomplete=\"name\" aria-required=\"true\" aria-invalid=\"false\" value=\"\" type=\"text\" name=\"your-name\" \/><\/span> <\/label>\n<\/p>\n<p><label> Seu e-mail<br \/>\n<span class=\"wpcf7-form-control-wrap\" data-name=\"your-email\"><input size=\"40\" maxlength=\"400\" class=\"wpcf7-form-control wpcf7-email wpcf7-validates-as-required wpcf7-text wpcf7-validates-as-email\" autocomplete=\"email\" aria-required=\"true\" aria-invalid=\"false\" value=\"\" type=\"email\" name=\"your-email\" \/><\/span> <\/label>\n<\/p>\n<p><label> Assunto<br \/>\n<span class=\"wpcf7-form-control-wrap\" data-name=\"your-subject\"><input size=\"40\" maxlength=\"400\" class=\"wpcf7-form-control wpcf7-text wpcf7-validates-as-required\" aria-required=\"true\" aria-invalid=\"false\" value=\"\" type=\"text\" name=\"your-subject\" \/><\/span> <\/label>\n<\/p>\n<p><label> Sua mensagem (opcional)<br \/>\n<span class=\"wpcf7-form-control-wrap\" data-name=\"your-message\"><textarea cols=\"40\" rows=\"10\" maxlength=\"2000\" class=\"wpcf7-form-control wpcf7-textarea\" aria-invalid=\"false\" name=\"your-message\"><\/textarea><\/span> <\/label>\n<\/p>\n<p><input class=\"wpcf7-form-control wpcf7-submit has-spinner\" type=\"submit\" value=\"Enviar\" \/>\n<\/p><div class=\"wpcf7-response-output\" aria-hidden=\"true\"><\/div>\n<\/form>\n<\/div>\n\n<p><strong>3. Redes Sociais:<\/strong><br \/>\nVoc\u00ea tamb\u00e9m pode nos seguir e enviar mensagens atrav\u00e9s de nossas redes sociais:<\/p>\n<ul>\n<li><a href=\"https:\/\/web.facebook.com\/receitaspetbr\/\" target=\"_blank\" rel=\"noopener\">Facebook<\/a><\/li>\n<\/ul>\n<h3>Hor\u00e1rio de Atendimento<\/h3>\n<p>Nosso atendimento ao cliente est\u00e1 dispon\u00edvel de <strong>segunda a sexta-feira<\/strong>, das <strong>9h \u00e0s 18h<\/strong> (exceto feriados).<\/p>\n<h3>Perguntas Frequentes<\/h3>\n<p>Antes de entrar em contato, sugerimos que visite nossa se\u00e7\u00e3o de <a href=\"https:\/\/www.receitaspet.com.br\/petshop\/perguntas-e-respostas-faq\/\" target=\"_blank\" rel=\"noopener\"><strong>Perguntas Frequentes (FAQ)<\/strong><\/a>, onde voc\u00ea encontrar\u00e1 respostas para as d\u00favidas mais comuns sobre nossos produtos digitais, compras e entregas.<\/p>\n<hr \/>\n<p>Se precisar de mais informa\u00e7\u00f5es, estaremos prontos para ajudar. Agradecemos pela confian\u00e7a em escolher a <strong>Receitas Pet Shop<\/strong>!<\/p>\n","protected":false},"excerpt":{"rendered":"<p>Fale Conosco N\u00f3s da Receitas Pet Shop estamos sempre prontos para ouvir voc\u00ea! Se voc\u00ea tem d\u00favidas, sugest\u00f5es, ou precisa de ajuda com algum de nossos produtos digitais, nossa equipe est\u00e1 dispon\u00edvel para oferecer todo o suporte necess\u00e1rio. Como Entrar em Contato Voc\u00ea pode entrar em contato conosco por meio das seguintes formas: 1. E-mail: Para qualquer d\u00favida ou solicita\u00e7\u00e3o, envie um e-mail para: contato@receitaspet.com.br Responderemos o mais breve poss\u00edvel, geralmente dentro de 1 a 2 dias \u00fateis. 2. Formul\u00e1rio de Contato: Preencha o formul\u00e1rio abaixo com sua mensagem e nossos especialistas entrar\u00e3o em contato com voc\u00ea. N\u00e3o se esque\u00e7a [&hellip;]<\/p>\n","protected":false},"author":1,"featured_media":0,"parent":0,"menu_order":0,"comment_status":"closed","ping_status":"open","template":"","meta":{"_sitemap_exclude":false,"_sitemap_priority":"","_sitemap_frequency":"","site-sidebar-layout":"default","site-content-layout":"","ast-site-content-layout":"default","site-content-style":"default","site-sidebar-style":"default","ast-global-header-display":"","ast-banner-title-visibility":"","ast-main-header-display":"","ast-hfb-above-header-display":"","ast-hfb-below-header-display":"","ast-hfb-mobile-header-display":"","site-post-title":"","ast-breadcrumbs-content":"","ast-featured-img":"","footer-sml-layout":"","ast-disable-related-posts":"","theme-transparent-header-meta":"default","adv-header-id-meta":"","stick-header-meta":"default","header-above-stick-meta":"","header-main-stick-meta":"","header-below-stick-meta":"","astra-migrate-meta-layouts":"set","ast-page-background-enabled":"default","ast-page-background-meta":{"desktop":{"background-color":"var(--ast-global-color-4)","background-image":"","background-repeat":"repeat","background-position":"center center","background-size":"auto","background-attachment":"scroll","background-type":"","background-media":"","overlay-type":"","overlay-color":"","overlay-opacity":"","overlay-gradient":""},"tablet":{"background-color":"","background-image":"","background-repeat":"repeat","background-position":"center center","background-size":"auto","background-attachment":"scroll","background-type":"","background-media":"","overlay-type":"","overlay-color":"","overlay-opacity":"","overlay-gradient":""},"mobile":{"background-color":"","background-image":"","background-repeat":"repeat","background-position":"center center","background-size":"auto","background-attachment":"scroll","background-type":"","background-media":"","overlay-type":"","overlay-color":"","overlay-opacity":"","overlay-gradient":""}},"ast-content-background-meta":{"desktop":{"background-color":"var(--ast-global-color-5)","background-image":"","background-repeat":"repeat","background-position":"center center","background-size":"auto","background-attachment":"scroll","background-type":"","background-media":"","overlay-type":"","overlay-color":"","overlay-opacity":"","overlay-gradient":""},"tablet":{"background-color":"var(--ast-global-color-5)","background-image":"","background-repeat":"repeat","background-position":"center center","background-size":"auto","background-attachment":"scroll","background-type":"","background-media":"","overlay-type":"","overlay-color":"","overlay-opacity":"","overlay-gradient":""},"mobile":{"background-color":"var(--ast-global-color-5)","background-image":"","background-repeat":"repeat","background-position":"center center","background-size":"auto","background-attachment":"scroll","background-type":"","background-media":"","overlay-type":"","overlay-color":"","overlay-opacity":"","overlay-gradient":""}},"footnotes":""},"class_list":["post-101","page","type-page","status-publish","hentry"],"_links":{"self":[{"href":"https:\/\/www.receitaspet.com.br\/petshop\/wp-json\/wp\/v2\/pages\/101","targetHints":{"allow":["GET"]}}],"collection":[{"href":"https:\/\/www.receitaspet.com.br\/petshop\/wp-json\/wp\/v2\/pages"}],"about":[{"href":"https:\/\/www.receitaspet.com.br\/petshop\/wp-json\/wp\/v2\/types\/page"}],"author":[{"embeddable":true,"href":"https:\/\/www.receitaspet.com.br\/petshop\/wp-json\/wp\/v2\/users\/1"}],"replies":[{"embeddable":true,"href":"https:\/\/www.receitaspet.com.br\/petshop\/wp-json\/wp\/v2\/comments?post=101"}],"version-history":[{"count":0,"href":"https:\/\/www.receitaspet.com.br\/petshop\/wp-json\/wp\/v2\/pages\/101\/revisions"}],"wp:attachment":[{"href":"https:\/\/www.receitaspet.com.br\/petshop\/wp-json\/wp\/v2\/media?parent=101"}],"curies":[{"name":"wp","href":"https:\/\/api.w.org\/{rel}","templated":true}]}}