{"id":239,"date":"2024-11-12T18:38:50","date_gmt":"2024-11-12T18:38:50","guid":{"rendered":"https:\/\/www.receitaspet.com.br\/petshop\/?post_type=product&#038;p=239"},"modified":"2024-11-12T19:01:40","modified_gmt":"2024-11-12T19:01:40","slug":"ebook-golden-retriever","status":"publish","type":"product","link":"https:\/\/www.receitaspet.com.br\/petshop\/produto\/ebook-golden-retriever\/","title":{"rendered":"eBook Golden Retriever"},"content":{"rendered":"<h2><span style=\"font-size: 14pt;\">eBook Golden Retriever O Companheiro Perfeito<\/span><\/h2>\n<p>O <a href=\"https:\/\/www.receitaspet.com.br\/petshop\"><strong>Golden Retriever<\/strong><\/a> \u00e9 uma das ra\u00e7as de c\u00e3es mais amadas e populares em todo o mundo.<\/p>\n<p>Famoso por sua natureza amig\u00e1vel, lealdade e intelig\u00eancia, ele \u00e9 o companheiro ideal para fam\u00edlias, atletas e amantes de animais.<\/p>\n<p><img decoding=\"async\" class=\"aligncenter size-full wp-image-241\" src=\"https:\/\/www.receitaspet.com.br\/petshop\/wp-content\/uploads\/2024\/11\/eBook-golden-retriever.webp\" alt=\"\" width=\"1024\" height=\"1024\" srcset=\"https:\/\/www.receitaspet.com.br\/petshop\/wp-content\/uploads\/2024\/11\/eBook-golden-retriever.webp 1024w, https:\/\/www.receitaspet.com.br\/petshop\/wp-content\/uploads\/2024\/11\/eBook-golden-retriever-300x300.webp 300w, https:\/\/www.receitaspet.com.br\/petshop\/wp-content\/uploads\/2024\/11\/eBook-golden-retriever-150x150.webp 150w, https:\/\/www.receitaspet.com.br\/petshop\/wp-content\/uploads\/2024\/11\/eBook-golden-retriever-768x768.webp 768w, https:\/\/www.receitaspet.com.br\/petshop\/wp-content\/uploads\/2024\/11\/eBook-golden-retriever-600x600.webp 600w, https:\/\/www.receitaspet.com.br\/petshop\/wp-content\/uploads\/2024\/11\/eBook-golden-retriever-100x100.webp 100w, https:\/\/www.receitaspet.com.br\/petshop\/wp-content\/uploads\/2024\/11\/eBook-golden-retriever-64x64.webp 64w\" sizes=\"(max-width: 1024px) 100vw, 1024px\" \/><\/p>\n<p>Com uma apar\u00eancia marcante, caracterizada por uma pelagem dourada, olhos expressivos e um porte atl\u00e9tico, o Golden \u00e9 um c\u00e3o que esbanja energia e carinho.<\/p>\n<p>Mais do que um simples animal de estima\u00e7\u00e3o, ele \u00e9 um membro da fam\u00edlia que se destaca por sua capacidade de se adaptar a diferentes estilos de vida.<\/p>\n<p>Origin\u00e1rio da Esc\u00f3cia, o Golden Retriever foi desenvolvido no s\u00e9culo XIX para ser um c\u00e3o de ca\u00e7a, especialmente treinado para recuperar aves aqu\u00e1ticas.<\/p>\n<p><iframe title=\"YouTube video player\" src=\"https:\/\/www.youtube.com\/embed\/VNfGKRpmiOg?si=Y4Sq70kEhOpls9C-\" width=\"560\" height=\"315\" frameborder=\"0\" allowfullscreen=\"allowfullscreen\"><\/iframe><\/p>\n<p>Seu nome, &#8220;Retriever,&#8221; reflete essa habilidade de buscar e trazer de volta as presas sem danific\u00e1-las.<\/p>\n<p>Hoje, ele \u00e9 muito mais do que um c\u00e3o de ca\u00e7a, sendo utilizado em uma variedade de fun\u00e7\u00f5es, como c\u00e3o de terapia, de servi\u00e7o e at\u00e9 mesmo em opera\u00e7\u00f5es de busca e resgate, gra\u00e7as \u00e0 sua intelig\u00eancia e f\u00e1cil treinabilidade.<\/p>\n<p>Este ebook foi estruturado para guiar novos tutores e apaixonados pela ra\u00e7a em todos os aspectos do cuidado com um Golden Retriever, cobrindo desde a hist\u00f3ria da ra\u00e7a, caracter\u00edsticas f\u00edsicas, emperamento, cuidados com a sa\u00fade e curiosidades, at\u00e9 dicas pr\u00e1ticas para socializa\u00e7\u00e3o, adestramento e atividades que promovam o bem-estar do c\u00e3o.<\/p>\n<p>Com o conte\u00fado a seguir, voc\u00ea ter\u00e1 uma vis\u00e3o completa da ra\u00e7a, garantindo uma conviv\u00eancia harmoniosa e feliz com o seu Golden Retriever.<\/p>\n<p><strong>Veja o que cont\u00e9m no eBook Golden Retriever:<\/strong><\/p>\n<ul>\n<li>Introdu\u00e7\u00e3o<\/li>\n<li>Caracter\u00edsticas Gerais do Golden Retriever<\/li>\n<li>Hist\u00f3ria e Origem do Golden Retriever<\/li>\n<li>Personalidade e Temperamento do Golden Retriever<\/li>\n<li>Cuidados e Manuten\u00e7\u00e3o do Golden Retriever<\/li>\n<li>Sa\u00fade e Problemas Comuns do Golden Retriever<\/li>\n<li>Treinamento e Socializa\u00e7\u00e3o do Golden Retriever<\/li>\n<li>Adotando ou Comprando um C\u00e3o da Ra\u00e7a Golden Retriever<\/li>\n<li>Dicas Especiais para Novos Donos de Golden Retriever<\/li>\n<li>Curiosidades sobre a Ra\u00e7a Golden Retriever<\/li>\n<li>Conclus\u00e3o<\/li>\n<\/ul>\n<p>Voc\u00ea recebe o <strong>eBook Golden Retriever<\/strong>, em uma dessas op\u00e7\u00f5es: via <strong>E-mail<\/strong>, <strong>Download<\/strong> na sua conta de usu\u00e1rio ou <strong>WhatsApp<\/strong><\/p>\n<p><strong>Detalhes do Produto:<\/strong><\/p>\n<p>eBook em PDF pronto para Leitura<br \/>\n92 P\u00e1ginas Diagramadas e Ilustradas<br \/>\n<strong>Tamanho do Arquivo:<\/strong> 26,8 MB<br \/>\n<strong>Ano Publica\u00e7\u00e3o:<\/strong> 2024<br \/>\n<strong>Idioma:<\/strong> Portugu\u00eas<br \/>\n<strong>Formato:<\/strong> PDF<br \/>\n<strong>Autor:<\/strong> Receitas Pet<\/p>\n<p><a href=\"https:\/\/www.receitaspet.com.br\/sobre-nos\/\" target=\"_blank\" rel=\"noopener\">Saiba mais sobre a Receitas Pet&#8230;<\/a><\/p>\n<p><strong>Golden Retriever: O Guia Completo da Ra\u00e7a<\/strong><\/p>\n<p>Descubra tudo o que voc\u00ea precisa saber sobre o <a href=\"https:\/\/www.receitaspet.com.br\/raca-de-cachorro-golden-retriever\/\" target=\"_blank\" rel=\"noopener\"><strong>Golden Retriever<\/strong><\/a> com este guia especializado, ideal para amantes de pets e novos tutores que desejam oferecer o melhor para seu companheiro!<\/p>\n<p>Este eBook detalhado abrange cada aspecto da vida com um Golden Retriever, desde suas caracter\u00edsticas f\u00edsicas e personalidade at\u00e9 os cuidados di\u00e1rios, alimenta\u00e7\u00e3o, e dicas de socializa\u00e7\u00e3o.<\/p>\n<p>Conhe\u00e7a tamb\u00e9m as curiosidades sobre a ra\u00e7a, as melhores pr\u00e1ticas de treinamento e como manter seu Golden saud\u00e1vel e feliz ao longo dos anos.<\/p>\n<p>Este eBook oferece:<\/p>\n<ul>\n<li><strong>Hist\u00f3ria e Origem<\/strong>: Conhe\u00e7a as origens aristocr\u00e1ticas da ra\u00e7a e como ela se tornou uma das mais queridas do mundo.<\/li>\n<li><strong>Cuidados Essenciais<\/strong>: Alimenta\u00e7\u00e3o, higiene, exerc\u00edcios e dicas de sa\u00fade para um Golden Retriever sempre saud\u00e1vel.<\/li>\n<li><strong>Treinamento e Socializa\u00e7\u00e3o<\/strong>: Como ensinar comandos b\u00e1sicos e avan\u00e7ados e garantir uma conviv\u00eancia harmoniosa com pessoas e outros pets.<\/li>\n<li><strong>Curiosidades e Fatos \u00danicos<\/strong>: Descubra o que torna o Golden Retriever t\u00e3o especial, com curiosidades e hist\u00f3rias sobre essa ra\u00e7a encantadora.<\/li>\n<\/ul>\n<p>Leve para casa um guia completo e esteja preparado para uma experi\u00eancia inesquec\u00edvel com seu Golden Retriever. Compre agora e proporcione uma vida repleta de sa\u00fade, amor e lealdade para seu melhor amigo!<\/p>\n","protected":false},"excerpt":{"rendered":"<h2><span style=\"font-size: 14pt;\">eBook Golden Retriever O Companheiro Perfeito<\/span><\/h2>\n<p><strong>Detalhes do Produto:<\/strong><\/p>\n<p>eBook em PDF pronto para Leitura<br \/>\n92 P\u00e1ginas Diagramadas e Ilustradas<br \/>\n<strong>Tamanho do Arquivo:<\/strong> 26,8 MB<br \/>\n<strong>Ano Publica\u00e7\u00e3o:<\/strong> 2024<br \/>\n<strong>Idioma:<\/strong> Portugu\u00eas<br \/>\n<strong>Formato:<\/strong> PDF<br \/>\n<strong>Autor:<\/strong> Receitas Pet<\/p>\n","protected":false},"featured_media":242,"comment_status":"open","ping_status":"closed","template":"","meta":{"_sitemap_exclude":false,"_sitemap_priority":"","_sitemap_frequency":"","site-sidebar-layout":"default","site-content-layout":"","ast-site-content-layout":"default","site-content-style":"default","site-sidebar-style":"default","ast-global-header-display":"","ast-banner-title-visibility":"","ast-main-header-display":"","ast-hfb-above-header-display":"","ast-hfb-below-header-display":"","ast-hfb-mobile-header-display":"","site-post-title":"","ast-breadcrumbs-content":"","ast-featured-img":"","footer-sml-layout":"","ast-disable-related-posts":"","theme-transparent-header-meta":"default","adv-header-id-meta":"","stick-header-meta":"default","header-above-stick-meta":"","header-main-stick-meta":"","header-below-stick-meta":"","astra-migrate-meta-layouts":"set","ast-page-background-enabled":"default","ast-page-background-meta":{"desktop":{"background-color":"var(--ast-global-color-4)","background-image":"","background-repeat":"repeat","background-position":"center center","background-size":"auto","background-attachment":"scroll","background-type":"","background-media":"","overlay-type":"","overlay-color":"","overlay-opacity":"","overlay-gradient":""},"tablet":{"background-color":"","background-image":"","background-repeat":"repeat","background-position":"center center","background-size":"auto","background-attachment":"scroll","background-type":"","background-media":"","overlay-type":"","overlay-color":"","overlay-opacity":"","overlay-gradient":""},"mobile":{"background-color":"","background-image":"","background-repeat":"repeat","background-position":"center center","background-size":"auto","background-attachment":"scroll","background-type":"","background-media":"","overlay-type":"","overlay-color":"","overlay-opacity":"","overlay-gradient":""}},"ast-content-background-meta":{"desktop":{"background-color":"var(--ast-global-color-5)","background-image":"","background-repeat":"repeat","background-position":"center center","background-size":"auto","background-attachment":"scroll","background-type":"","background-media":"","overlay-type":"","overlay-color":"","overlay-opacity":"","overlay-gradient":""},"tablet":{"background-color":"var(--ast-global-color-5)","background-image":"","background-repeat":"repeat","background-position":"center center","background-size":"auto","background-attachment":"scroll","background-type":"","background-media":"","overlay-type":"","overlay-color":"","overlay-opacity":"","overlay-gradient":""},"mobile":{"background-color":"var(--ast-global-color-5)","background-image":"","background-repeat":"repeat","background-position":"center center","background-size":"auto","background-attachment":"scroll","background-type":"","background-media":"","overlay-type":"","overlay-color":"","overlay-opacity":"","overlay-gradient":""}}},"product_brand":[],"product_cat":[15],"product_tag":[308,303,287,307,296,309,289,292,306,286,313,298,300,297,293,301,299,310,285,295,305,312,304,294,302,311,314,288,291,290],"class_list":{"0":"post-239","1":"product","2":"type-product","3":"status-publish","4":"has-post-thumbnail","6":"product_cat-ebooks-de-racas-de-caes","7":"product_tag-acessorios-para-golden-retriever","8":"product_tag-adotar-golden-retriever","9":"product_tag-alimentacao-do-golden-retriever","10":"product_tag-alimentacao-saudavel-golden-retriever","11":"product_tag-ambiente-ideal-golden-retriever","12":"product_tag-banho-golden-retriever","13":"product_tag-caracteristicas-golden-retriever","14":"product_tag-comportamento-golden-retriever","15":"product_tag-comprar-golden-retriever","16":"product_tag-cuidados-golden-retriever","17":"product_tag-cuidados-veterinarios-golden-retriever","18":"product_tag-curiosidades-golden-retriever","19":"product_tag-dicas-para-golden-retriever","20":"product_tag-exercicios-para-golden-retriever","21":"product_tag-golden-retriever-com-criancas","22":"product_tag-golden-retriever-com-outros-animais","23":"product_tag-golden-retriever-como-cao-guia","24":"product_tag-golden-retriever-em-familia","25":"product_tag-guia-completo-golden-retriever","26":"product_tag-higiene-golden-retriever","27":"product_tag-historia-golden-retriever","28":"product_tag-longevidade-golden-retriever","29":"product_tag-origem-golden-retriever","30":"product_tag-pelagem-golden-retriever","31":"product_tag-personalidade-golden-retriever","32":"product_tag-raca-golden-retriever","33":"product_tag-saude-dental-golden-retriever","34":"product_tag-saude-golden-retriever","35":"product_tag-socializacao-golden-retriever","36":"product_tag-treinamento-golden-retriever","37":"desktop-align-left","38":"tablet-align-left","39":"mobile-align-left","40":"ast-product-gallery-layout-horizontal-slider","41":"ast-product-gallery-with-no-image","42":"ast-product-tabs-layout-horizontal","44":"first","45":"instock","46":"featured","47":"downloadable","48":"shipping-taxable","49":"purchasable","50":"product-type-simple"},"_links":{"self":[{"href":"https:\/\/www.receitaspet.com.br\/petshop\/wp-json\/wp\/v2\/product\/239","targetHints":{"allow":["GET"]}}],"collection":[{"href":"https:\/\/www.receitaspet.com.br\/petshop\/wp-json\/wp\/v2\/product"}],"about":[{"href":"https:\/\/www.receitaspet.com.br\/petshop\/wp-json\/wp\/v2\/types\/product"}],"replies":[{"embeddable":true,"href":"https:\/\/www.receitaspet.com.br\/petshop\/wp-json\/wp\/v2\/comments?post=239"}],"wp:featuredmedia":[{"embeddable":true,"href":"https:\/\/www.receitaspet.com.br\/petshop\/wp-json\/wp\/v2\/media\/242"}],"wp:attachment":[{"href":"https:\/\/www.receitaspet.com.br\/petshop\/wp-json\/wp\/v2\/media?parent=239"}],"wp:term":[{"taxonomy":"product_brand","embeddable":true,"href":"https:\/\/www.receitaspet.com.br\/petshop\/wp-json\/wp\/v2\/product_brand?post=239"},{"taxonomy":"product_cat","embeddable":true,"href":"https:\/\/www.receitaspet.com.br\/petshop\/wp-json\/wp\/v2\/product_cat?post=239"},{"taxonomy":"product_tag","embeddable":true,"href":"https:\/\/www.receitaspet.com.br\/petshop\/wp-json\/wp\/v2\/product_tag?post=239"}],"curies":[{"name":"wp","href":"https:\/\/api.w.org\/{rel}","templated":true}]}}